{"id":4837,"date":"2022-10-11T17:33:35","date_gmt":"2022-10-11T17:33:35","guid":{"rendered":"https:\/\/www.ondrejsimacek.fun\/?page_id=4837"},"modified":"2024-10-08T20:45:17","modified_gmt":"2024-10-08T20:45:17","slug":"automotive","status":"publish","type":"page","link":"https:\/\/www.ondrejsimacek.cz\/index.php\/automotive\/","title":{"rendered":"Automotive"},"content":{"rendered":"<div  class=\"tatsu-HJqzt7QXj tatsu-section  tatsu-bg-overlay   tatsu-clearfix\" data-title=\"\"  data-headerscheme=\"background--dark\"><div class='tatsu-section-pad clearfix' data-padding='{\"d\":\"90px 0px 90px 0px\"}' data-padding-top='90px'><div class=\"tatsu-row-wrap  tatsu-wrap tatsu-row-one-col tatsu-row-has-one-cols tatsu-medium-gutter tatsu-reg-cols  tatsu-clearfix tatsu-Byl5GKXQXs\" ><div  class=\"tatsu-row \" ><div  class=\"tatsu-column  tatsu-bg-overlay tatsu-one-col tatsu-column-image-none tatsu-column-effect-none  tatsu-B1bcGKmmXo\"  data-parallax-speed=\"0\" style=\"\"><div class=\"tatsu-column-inner \" ><div class=\"tatsu-column-pad-wrap\"><div class=\"tatsu-column-pad\" ><div  class=\"tatsu-module tatsu-text-block-wrap tatsu-HJz5MtQQ7i  \"><div class=\"tatsu-text-inner tatsu-align-center  clearfix\" ><style>.tatsu-HJz5MtQQ7i.tatsu-text-block-wrap .tatsu-text-inner{width: 100%;text-align: left;}<\/style>\n<h2>Automotive<\/h2>\n<\/div><\/div><div  class=\"tatsu-gallery-wrap tatsu-gallery-module tatsu-module 0 tatsu-HJm5MFm7Xs   \" ><div class=\"gallery   style1-hover masonry_enable \"  ><div class=\"gallery-container be-grid be-row be-cols-3 clickable clearfix  \" data-aspect-ratio=\"1.6\" data-animation-target = \".gallery-thumb-img-wrap\" data-cols=\"3\" data-scroll-reveal = \"0\" data-animation = \"scale\" data-gutter=\"5\" data-layout = \"masonry\" ><div class=\"gallery-cell be-col be-hoverlay  not-wide no-wide-width-height style1-hover \" ><div class=\"gallery-cell-inner\"\"><a data-thumb = \"https:\/\/www.ondrejsimacek.cz\/wp-content\/uploads\/2024\/10\/DSCF2686-Edit-2-1-150x150.jpg\" href=\"https:\/\/www.ondrejsimacek.cz\/wp-content\/uploads\/2024\/10\/DSCF2686-Edit-2-1-scaled.jpg\"  class=\"thumb-anchor mfp-image  \"  title=\"\"><div class=\"thumb-wrap\"><div style = \"padding-bottom : 48.4375%;\" class=\"gallery-thumb-img-wrap be-grid-placeholder none-effect\" data-aspect-ratio=\"2.06\" ><img decoding=\"async\" class=\"\"  src=\"https:\/\/www.ondrejsimacek.cz\/wp-content\/uploads\/2024\/10\/DSCF2686-Edit-2-1-650x315.jpg\" alt=\"Ond\u0159ej \u0160im\u00e1\u010dek \u2013 fotografie\" \/><\/div><\/div><div class=\"thumb-overlay\"><div class=\"thumb-bg\"><div class=\"thumb-title-wrap display-table-cell vertical-align-middle align-center fadeIn animated\"><\/div><\/div><\/div><\/a><\/div><\/div><div class=\"gallery-cell be-col be-hoverlay  not-wide no-wide-width-height style1-hover \" ><div class=\"gallery-cell-inner\"\"><a data-thumb = \"https:\/\/www.ondrejsimacek.cz\/wp-content\/uploads\/2024\/10\/DSCF2959-Edit-Edit-2-1-150x150.jpg\" href=\"https:\/\/www.ondrejsimacek.cz\/wp-content\/uploads\/2024\/10\/DSCF2959-Edit-Edit-2-1-scaled.jpg\"  class=\"thumb-anchor mfp-image  \"  title=\"\"><div class=\"thumb-wrap\"><div style = \"padding-bottom : 66.6796875%;\" class=\"gallery-thumb-img-wrap be-grid-placeholder none-effect\" data-aspect-ratio=\"1.5\" ><img decoding=\"async\" class=\"\"  src=\"https:\/\/www.ondrejsimacek.cz\/wp-content\/uploads\/2024\/10\/DSCF2959-Edit-Edit-2-1-650x433.jpg\" alt=\"Ond\u0159ej \u0160im\u00e1\u010dek \u2013 fotografie\" \/><\/div><\/div><div class=\"thumb-overlay\"><div class=\"thumb-bg\"><div class=\"thumb-title-wrap display-table-cell vertical-align-middle align-center fadeIn animated\"><\/div><\/div><\/div><\/a><\/div><\/div><div class=\"gallery-cell be-col be-hoverlay  not-wide no-wide-width-height style1-hover \" ><div class=\"gallery-cell-inner\"\"><a data-thumb = \"https:\/\/www.ondrejsimacek.cz\/wp-content\/uploads\/2024\/10\/DSCF2010-1-150x150.jpg\" href=\"https:\/\/www.ondrejsimacek.cz\/wp-content\/uploads\/2024\/10\/DSCF2010-1-scaled.jpg\"  class=\"thumb-anchor mfp-image  \"  title=\"\"><div class=\"thumb-wrap\"><div style = \"padding-bottom : 66.6796875%;\" class=\"gallery-thumb-img-wrap be-grid-placeholder none-effect\" data-aspect-ratio=\"1.5\" ><img decoding=\"async\" class=\"\"  src=\"https:\/\/www.ondrejsimacek.cz\/wp-content\/uploads\/2024\/10\/DSCF2010-1-650x433.jpg\" alt=\"Ond\u0159ej \u0160im\u00e1\u010dek \u2013 fotografie\" \/><\/div><\/div><div class=\"thumb-overlay\"><div class=\"thumb-bg\"><div class=\"thumb-title-wrap display-table-cell vertical-align-middle align-center fadeIn animated\"><\/div><\/div><\/div><\/a><\/div><\/div><div class=\"gallery-cell be-col be-hoverlay  not-wide no-wide-width-height style1-hover \" ><div class=\"gallery-cell-inner\"\"><a data-thumb = \"https:\/\/www.ondrejsimacek.cz\/wp-content\/uploads\/2024\/10\/DSCF2902-Edit-1-150x150.jpg\" href=\"https:\/\/www.ondrejsimacek.cz\/wp-content\/uploads\/2024\/10\/DSCF2902-Edit-1-scaled.jpg\"  class=\"thumb-anchor mfp-image  \"  title=\"\"><div class=\"thumb-wrap\"><div style = \"padding-bottom : 66.6796875%;\" class=\"gallery-thumb-img-wrap be-grid-placeholder none-effect\" data-aspect-ratio=\"1.5\" ><img decoding=\"async\" class=\"\"  src=\"https:\/\/www.ondrejsimacek.cz\/wp-content\/uploads\/2024\/10\/DSCF2902-Edit-1-650x433.jpg\" alt=\"Ond\u0159ej \u0160im\u00e1\u010dek \u2013 fotografie\" \/><\/div><\/div><div class=\"thumb-overlay\"><div class=\"thumb-bg\"><div class=\"thumb-title-wrap display-table-cell vertical-align-middle align-center fadeIn animated\"><\/div><\/div><\/div><\/a><\/div><\/div><div class=\"gallery-cell be-col be-hoverlay  not-wide no-wide-width-height style1-hover \" ><div class=\"gallery-cell-inner\"\"><a data-thumb = \"https:\/\/www.ondrejsimacek.cz\/wp-content\/uploads\/2024\/10\/DSCF2579-Edit-Edit-1-150x150.jpg\" href=\"https:\/\/www.ondrejsimacek.cz\/wp-content\/uploads\/2024\/10\/DSCF2579-Edit-Edit-1-scaled.jpg\"  class=\"thumb-anchor mfp-image  \"  title=\"\"><div class=\"thumb-wrap\"><div style = \"padding-bottom : 66.6796875%;\" class=\"gallery-thumb-img-wrap be-grid-placeholder none-effect\" data-aspect-ratio=\"1.5\" ><img decoding=\"async\" class=\"\"  src=\"https:\/\/www.ondrejsimacek.cz\/wp-content\/uploads\/2024\/10\/DSCF2579-Edit-Edit-1-650x433.jpg\" alt=\"Ond\u0159ej \u0160im\u00e1\u010dek \u2013 fotografie\" \/><\/div><\/div><div class=\"thumb-overlay\"><div class=\"thumb-bg\"><div class=\"thumb-title-wrap display-table-cell vertical-align-middle align-center fadeIn animated\"><\/div><\/div><\/div><\/a><\/div><\/div><div class=\"gallery-cell be-col be-hoverlay  not-wide no-wide-width-height style1-hover \" ><div class=\"gallery-cell-inner\"\"><a data-thumb = \"https:\/\/www.ondrejsimacek.cz\/wp-content\/uploads\/2024\/10\/DSCF2787-2-1-150x150.jpg\" href=\"https:\/\/www.ondrejsimacek.cz\/wp-content\/uploads\/2024\/10\/DSCF2787-2-1-scaled.jpg\"  class=\"thumb-anchor mfp-image  \"  title=\"\"><div class=\"thumb-wrap\"><div style = \"padding-bottom : 66.640625%;\" class=\"gallery-thumb-img-wrap be-grid-placeholder none-effect\" data-aspect-ratio=\"1.5\" ><img decoding=\"async\" class=\"\"  src=\"https:\/\/www.ondrejsimacek.cz\/wp-content\/uploads\/2024\/10\/DSCF2787-2-1-650x433.jpg\" alt=\"Ond\u0159ej \u0160im\u00e1\u010dek \u2013 fotografie\" \/><\/div><\/div><div class=\"thumb-overlay\"><div class=\"thumb-bg\"><div class=\"thumb-title-wrap display-table-cell vertical-align-middle align-center fadeIn animated\"><\/div><\/div><\/div><\/a><\/div><\/div><div class=\"gallery-cell be-col be-hoverlay  not-wide no-wide-width-height style1-hover \" ><div class=\"gallery-cell-inner\"\"><a data-thumb = \"https:\/\/www.ondrejsimacek.cz\/wp-content\/uploads\/2022\/06\/DSF8495-Edit-2-scaled-150x150.jpg\" href=\"https:\/\/www.ondrejsimacek.cz\/wp-content\/uploads\/2022\/06\/DSF8495-Edit-2-scaled.jpg\"  class=\"thumb-anchor mfp-image  \"  title=\"\"><div class=\"thumb-wrap\"><div style = \"padding-bottom : 66.6796875%;\" class=\"gallery-thumb-img-wrap be-grid-placeholder none-effect\" data-aspect-ratio=\"1.5\" ><img decoding=\"async\" class=\"\"  src=\"https:\/\/www.ondrejsimacek.cz\/wp-content\/uploads\/2022\/06\/DSF8495-Edit-2-scaled-650x433.jpg\" alt=\"Ond\u0159ej \u0160im\u00e1\u010dek \u2013 fotografie\" \/><\/div><\/div><div class=\"thumb-overlay\"><div class=\"thumb-bg\"><div class=\"thumb-title-wrap display-table-cell vertical-align-middle align-center fadeIn animated\"><\/div><\/div><\/div><\/a><\/div><\/div><div class=\"gallery-cell be-col be-hoverlay  not-wide no-wide-width-height style1-hover \" ><div class=\"gallery-cell-inner\"\"><a data-thumb = \"https:\/\/www.ondrejsimacek.cz\/wp-content\/uploads\/2024\/10\/DSCF2071-Edit-1-150x150.jpg\" href=\"https:\/\/www.ondrejsimacek.cz\/wp-content\/uploads\/2024\/10\/DSCF2071-Edit-1-scaled.jpg\"  class=\"thumb-anchor mfp-image  \"  title=\"\"><div class=\"thumb-wrap\"><div style = \"padding-bottom : 66.6796875%;\" class=\"gallery-thumb-img-wrap be-grid-placeholder none-effect\" data-aspect-ratio=\"1.5\" ><img decoding=\"async\" class=\"\"  src=\"https:\/\/www.ondrejsimacek.cz\/wp-content\/uploads\/2024\/10\/DSCF2071-Edit-1-650x433.jpg\" alt=\"Ond\u0159ej \u0160im\u00e1\u010dek \u2013 fotografie\" \/><\/div><\/div><div class=\"thumb-overlay\"><div class=\"thumb-bg\"><div class=\"thumb-title-wrap display-table-cell vertical-align-middle align-center fadeIn animated\"><\/div><\/div><\/div><\/a><\/div><\/div><div class=\"gallery-cell be-col be-hoverlay  not-wide no-wide-width-height style1-hover \" ><div class=\"gallery-cell-inner\"\"><a data-thumb = \"https:\/\/www.ondrejsimacek.cz\/wp-content\/uploads\/2024\/10\/DSCF1917-1-150x150.jpg\" href=\"https:\/\/www.ondrejsimacek.cz\/wp-content\/uploads\/2024\/10\/DSCF1917-1-scaled.jpg\"  class=\"thumb-anchor mfp-image  \"  title=\"\"><div class=\"thumb-wrap\"><div style = \"padding-bottom : 149.97070884593%;\" class=\"gallery-thumb-img-wrap be-grid-placeholder none-effect\" data-aspect-ratio=\"0.67\" ><img decoding=\"async\" class=\"\"  src=\"https:\/\/www.ondrejsimacek.cz\/wp-content\/uploads\/2024\/10\/DSCF1917-1-650x975.jpg\" alt=\"Ond\u0159ej \u0160im\u00e1\u010dek \u2013 fotografie\" \/><\/div><\/div><div class=\"thumb-overlay\"><div class=\"thumb-bg\"><div class=\"thumb-title-wrap display-table-cell vertical-align-middle align-center fadeIn animated\"><\/div><\/div><\/div><\/a><\/div><\/div><\/div><\/div><style>.tatsu-HJm5MFm7Xs .gallery-container{margin: 0 -2.5px;}.tatsu-HJm5MFm7Xs .gallery-container .gallery-cell.be-col{margin-bottom: 5px;}.tatsu-HJm5MFm7Xs .gallery-container .gallery-cell.be-col {padding: 0 2.5px;}.tatsu-HJm5MFm7Xs.tatsu-gallery-module .gallery-container {margin-bottom: -5px !important;}<\/style><\/div><div  class=\"tatsu-empty-space  tatsu-S1EqGFmQms  \" ><style>.tatsu-S1EqGFmQms.tatsu-empty-space{height: 80px;}<\/style><\/div><\/div><\/div><div class = \"tatsu-column-bg-image-wrap\"><div class = \"tatsu-column-bg-image tatsu-bg-lazyload\" data-src = \"\"><\/div><\/div><div class=\"tatsu-overlay tatsu-column-overlay tatsu-animate-none\" ><\/div><\/div><style>.tatsu-row > .tatsu-B1bcGKmmXo.tatsu-column{width: 100%;}.tatsu-B1bcGKmmXo.tatsu-column > .tatsu-column-inner > .tatsu-column-overlay{mix-blend-mode: normal;}.tatsu-B1bcGKmmXo > .tatsu-column-inner > .tatsu-top-divider{z-index: 9999;}.tatsu-B1bcGKmmXo > .tatsu-column-inner > .tatsu-bottom-divider{z-index: 9999;}.tatsu-B1bcGKmmXo > .tatsu-column-inner > .tatsu-left-divider{z-index: 9999;}.tatsu-B1bcGKmmXo > .tatsu-column-inner > .tatsu-right-divider{z-index: 9999;}@media only screen and (max-width:1377px) {.tatsu-row > .tatsu-B1bcGKmmXo.tatsu-column{width: 100%;}}@media only screen and (min-width:768px) and (max-width: 1024px) {.tatsu-row > .tatsu-B1bcGKmmXo.tatsu-column{width: 100%;}}@media only screen and (max-width: 767px) {.tatsu-row > .tatsu-B1bcGKmmXo.tatsu-column{width: 100%;}}<\/style><\/div><\/div><\/div><\/div><div class=\"tatsu-section-background-wrap\"><div class = \"tatsu-section-background tatsu-bg-lazyload\" data-src = \"\"><\/div><\/div><div class=\"tatsu-overlay tatsu-section-overlay\"><\/div><style>.tatsu-HJqzt7QXj .tatsu-section-pad{padding: 90px 0px 90px 0px;}.tatsu-HJqzt7QXj .tatsu-section-offset-wrap{transform: translateY(-0px);}.tatsu-HJqzt7QXj > .tatsu-bottom-divider{z-index: 9999;}.tatsu-HJqzt7QXj > .tatsu-top-divider{z-index: 9999;}.tatsu-HJqzt7QXj .tatsu-section-overlay{mix-blend-mode: normal;}<\/style><\/div>\n","protected":false},"excerpt":{"rendered":"","protected":false},"author":1,"featured_media":0,"parent":0,"menu_order":0,"comment_status":"closed","ping_status":"closed","template":"","meta":{"footnotes":""},"class_list":["post-4837","page","type-page","status-publish","hentry"],"yoast_head":"<!-- This site is optimized with the Yoast SEO plugin v27.4 - https:\/\/yoast.com\/product\/yoast-seo-wordpress\/ -->\n<title>Automotive - Ond\u0159ej \u0160im\u00e1\u010dek<\/title>\n<meta name=\"robots\" content=\"index, follow, max-snippet:-1, max-image-preview:large, max-video-preview:-1\" \/>\n<link rel=\"canonical\" href=\"https:\/\/www.ondrejsimacek.cz\/index.php\/automotive\/\" \/>\n<meta property=\"og:locale\" content=\"cs_CZ\" \/>\n<meta property=\"og:type\" content=\"article\" \/>\n<meta property=\"og:title\" content=\"Automotive - Ond\u0159ej \u0160im\u00e1\u010dek\" \/>\n<meta property=\"og:url\" content=\"https:\/\/www.ondrejsimacek.cz\/index.php\/automotive\/\" \/>\n<meta property=\"og:site_name\" content=\"Ond\u0159ej \u0160im\u00e1\u010dek\" \/>\n<meta property=\"article:modified_time\" content=\"2024-10-08T20:45:17+00:00\" \/>\n<meta name=\"twitter:card\" content=\"summary_large_image\" \/>\n<meta name=\"twitter:label1\" content=\"Odhadovan\u00e1 doba \u010dten\u00ed\" \/>\n\t<meta name=\"twitter:data1\" content=\"4 minuty\" \/>\n<script type=\"application\/ld+json\" class=\"yoast-schema-graph\">{\"@context\":\"https:\\\/\\\/schema.org\",\"@graph\":[{\"@type\":\"WebPage\",\"@id\":\"https:\\\/\\\/www.ondrejsimacek.cz\\\/index.php\\\/automotive\\\/\",\"url\":\"https:\\\/\\\/www.ondrejsimacek.cz\\\/index.php\\\/automotive\\\/\",\"name\":\"Automotive - Ond\u0159ej \u0160im\u00e1\u010dek\",\"isPartOf\":{\"@id\":\"https:\\\/\\\/www.ondrejsimacek.cz\\\/#website\"},\"datePublished\":\"2022-10-11T17:33:35+00:00\",\"dateModified\":\"2024-10-08T20:45:17+00:00\",\"breadcrumb\":{\"@id\":\"https:\\\/\\\/www.ondrejsimacek.cz\\\/index.php\\\/automotive\\\/#breadcrumb\"},\"inLanguage\":\"cs\",\"potentialAction\":[{\"@type\":\"ReadAction\",\"target\":[\"https:\\\/\\\/www.ondrejsimacek.cz\\\/index.php\\\/automotive\\\/\"]}]},{\"@type\":\"BreadcrumbList\",\"@id\":\"https:\\\/\\\/www.ondrejsimacek.cz\\\/index.php\\\/automotive\\\/#breadcrumb\",\"itemListElement\":[{\"@type\":\"ListItem\",\"position\":1,\"name\":\"Dom\u016f\",\"item\":\"https:\\\/\\\/www.ondrejsimacek.cz\\\/\"},{\"@type\":\"ListItem\",\"position\":2,\"name\":\"Automotive\"}]},{\"@type\":\"WebSite\",\"@id\":\"https:\\\/\\\/www.ondrejsimacek.cz\\\/#website\",\"url\":\"https:\\\/\\\/www.ondrejsimacek.cz\\\/\",\"name\":\"Ond\u0159ej \u0160im\u00e1\u010dek\",\"description\":\"\",\"publisher\":{\"@id\":\"https:\\\/\\\/www.ondrejsimacek.cz\\\/#\\\/schema\\\/person\\\/d44dd7c79e05d73e45cbc3df5b8155a2\"},\"potentialAction\":[{\"@type\":\"SearchAction\",\"target\":{\"@type\":\"EntryPoint\",\"urlTemplate\":\"https:\\\/\\\/www.ondrejsimacek.cz\\\/?s={search_term_string}\"},\"query-input\":{\"@type\":\"PropertyValueSpecification\",\"valueRequired\":true,\"valueName\":\"search_term_string\"}}],\"inLanguage\":\"cs\"},{\"@type\":[\"Person\",\"Organization\"],\"@id\":\"https:\\\/\\\/www.ondrejsimacek.cz\\\/#\\\/schema\\\/person\\\/d44dd7c79e05d73e45cbc3df5b8155a2\",\"name\":\"ondrejsima\",\"image\":{\"@type\":\"ImageObject\",\"inLanguage\":\"cs\",\"@id\":\"https:\\\/\\\/secure.gravatar.com\\\/avatar\\\/187063449b5da6b9b44d4dff95c557af41f86d51cbbfc2ab12f0d8c35156eefc?s=96&d=mm&r=g\",\"url\":\"https:\\\/\\\/secure.gravatar.com\\\/avatar\\\/187063449b5da6b9b44d4dff95c557af41f86d51cbbfc2ab12f0d8c35156eefc?s=96&d=mm&r=g\",\"contentUrl\":\"https:\\\/\\\/secure.gravatar.com\\\/avatar\\\/187063449b5da6b9b44d4dff95c557af41f86d51cbbfc2ab12f0d8c35156eefc?s=96&d=mm&r=g\",\"caption\":\"ondrejsima\"},\"logo\":{\"@id\":\"https:\\\/\\\/secure.gravatar.com\\\/avatar\\\/187063449b5da6b9b44d4dff95c557af41f86d51cbbfc2ab12f0d8c35156eefc?s=96&d=mm&r=g\"},\"sameAs\":[\"http:\\\/\\\/localhost\\\/wordpress\"]}]}<\/script>\n<!-- \/ Yoast SEO plugin. -->","yoast_head_json":{"title":"Automotive - Ond\u0159ej \u0160im\u00e1\u010dek","robots":{"index":"index","follow":"follow","max-snippet":"max-snippet:-1","max-image-preview":"max-image-preview:large","max-video-preview":"max-video-preview:-1"},"canonical":"https:\/\/www.ondrejsimacek.cz\/index.php\/automotive\/","og_locale":"cs_CZ","og_type":"article","og_title":"Automotive - Ond\u0159ej \u0160im\u00e1\u010dek","og_url":"https:\/\/www.ondrejsimacek.cz\/index.php\/automotive\/","og_site_name":"Ond\u0159ej \u0160im\u00e1\u010dek","article_modified_time":"2024-10-08T20:45:17+00:00","twitter_card":"summary_large_image","twitter_misc":{"Odhadovan\u00e1 doba \u010dten\u00ed":"4 minuty"},"schema":{"@context":"https:\/\/schema.org","@graph":[{"@type":"WebPage","@id":"https:\/\/www.ondrejsimacek.cz\/index.php\/automotive\/","url":"https:\/\/www.ondrejsimacek.cz\/index.php\/automotive\/","name":"Automotive - Ond\u0159ej \u0160im\u00e1\u010dek","isPartOf":{"@id":"https:\/\/www.ondrejsimacek.cz\/#website"},"datePublished":"2022-10-11T17:33:35+00:00","dateModified":"2024-10-08T20:45:17+00:00","breadcrumb":{"@id":"https:\/\/www.ondrejsimacek.cz\/index.php\/automotive\/#breadcrumb"},"inLanguage":"cs","potentialAction":[{"@type":"ReadAction","target":["https:\/\/www.ondrejsimacek.cz\/index.php\/automotive\/"]}]},{"@type":"BreadcrumbList","@id":"https:\/\/www.ondrejsimacek.cz\/index.php\/automotive\/#breadcrumb","itemListElement":[{"@type":"ListItem","position":1,"name":"Dom\u016f","item":"https:\/\/www.ondrejsimacek.cz\/"},{"@type":"ListItem","position":2,"name":"Automotive"}]},{"@type":"WebSite","@id":"https:\/\/www.ondrejsimacek.cz\/#website","url":"https:\/\/www.ondrejsimacek.cz\/","name":"Ond\u0159ej \u0160im\u00e1\u010dek","description":"","publisher":{"@id":"https:\/\/www.ondrejsimacek.cz\/#\/schema\/person\/d44dd7c79e05d73e45cbc3df5b8155a2"},"potentialAction":[{"@type":"SearchAction","target":{"@type":"EntryPoint","urlTemplate":"https:\/\/www.ondrejsimacek.cz\/?s={search_term_string}"},"query-input":{"@type":"PropertyValueSpecification","valueRequired":true,"valueName":"search_term_string"}}],"inLanguage":"cs"},{"@type":["Person","Organization"],"@id":"https:\/\/www.ondrejsimacek.cz\/#\/schema\/person\/d44dd7c79e05d73e45cbc3df5b8155a2","name":"ondrejsima","image":{"@type":"ImageObject","inLanguage":"cs","@id":"https:\/\/secure.gravatar.com\/avatar\/187063449b5da6b9b44d4dff95c557af41f86d51cbbfc2ab12f0d8c35156eefc?s=96&d=mm&r=g","url":"https:\/\/secure.gravatar.com\/avatar\/187063449b5da6b9b44d4dff95c557af41f86d51cbbfc2ab12f0d8c35156eefc?s=96&d=mm&r=g","contentUrl":"https:\/\/secure.gravatar.com\/avatar\/187063449b5da6b9b44d4dff95c557af41f86d51cbbfc2ab12f0d8c35156eefc?s=96&d=mm&r=g","caption":"ondrejsima"},"logo":{"@id":"https:\/\/secure.gravatar.com\/avatar\/187063449b5da6b9b44d4dff95c557af41f86d51cbbfc2ab12f0d8c35156eefc?s=96&d=mm&r=g"},"sameAs":["http:\/\/localhost\/wordpress"]}]}},"_links":{"self":[{"href":"https:\/\/www.ondrejsimacek.cz\/index.php\/wp-json\/wp\/v2\/pages\/4837","targetHints":{"allow":["GET"]}}],"collection":[{"href":"https:\/\/www.ondrejsimacek.cz\/index.php\/wp-json\/wp\/v2\/pages"}],"about":[{"href":"https:\/\/www.ondrejsimacek.cz\/index.php\/wp-json\/wp\/v2\/types\/page"}],"author":[{"embeddable":true,"href":"https:\/\/www.ondrejsimacek.cz\/index.php\/wp-json\/wp\/v2\/users\/1"}],"replies":[{"embeddable":true,"href":"https:\/\/www.ondrejsimacek.cz\/index.php\/wp-json\/wp\/v2\/comments?post=4837"}],"version-history":[{"count":5,"href":"https:\/\/www.ondrejsimacek.cz\/index.php\/wp-json\/wp\/v2\/pages\/4837\/revisions"}],"predecessor-version":[{"id":5084,"href":"https:\/\/www.ondrejsimacek.cz\/index.php\/wp-json\/wp\/v2\/pages\/4837\/revisions\/5084"}],"wp:attachment":[{"href":"https:\/\/www.ondrejsimacek.cz\/index.php\/wp-json\/wp\/v2\/media?parent=4837"}],"curies":[{"name":"wp","href":"https:\/\/api.w.org\/{rel}","templated":true}]}}